{"id":10239,"date":"2024-07-23T10:29:43","date_gmt":"2024-07-23T10:29:43","guid":{"rendered":"https:\/\/omillimetre.com.tn\/?page_id=10239"},"modified":"2024-07-24T12:13:54","modified_gmt":"2024-07-24T12:13:54","slug":"notre-expertise","status":"publish","type":"page","link":"https:\/\/omillimetre.com.tn\/?page_id=10239","title":{"rendered":"NOTRE EXPERTISE"},"content":{"rendered":"\t\t<div data-elementor-type=\"wp-page\" data-elementor-id=\"10239\" class=\"elementor elementor-10239\">\n\t\t\t\t        <section class=\"elementor-section elementor-top-section elementor-element elementor-element-69937ec elementor-section-boxed elementor-section-height-default elementor-section-height-default pxl-row-scroll-none pxl-show-grid-none pxl-section-bg-none pxl-section-grid-bg-false\" data-id=\"69937ec\" data-element_type=\"section\">\n\n                \n                <div class=\"elementor-container elementor-column-gap-default \">\n                <div class=\"elementor-column elementor-col-33 elementor-top-column elementor-element elementor-element-808ae26 pxl-column-none\" data-id=\"808ae26\" data-element_type=\"column\">\r\n        <div class=\"elementor-widget-wrap elementor-element-populated\">\r\n                     \r\n        \t\t<div class=\"elementor-element elementor-element-572bd55 elementor-widget elementor-widget-pxl_image\" data-id=\"572bd55\" data-element_type=\"widget\" data-widget_type=\"pxl_image.default\">\n\t\t\t\t<div class=\"elementor-widget-container\">\n\t\t\t<div class=\"pxl-image-single pxl-image-single1   \" data-wow-delay=\"ms\" data-wow-duration=\"1.2s\">\r\n                        <div class=\"pxl-item--inner\">\r\n                                    <img decoding=\"async\" width=\"100\" height=\"100\" src=\"https:\/\/omillimetre.com.tn\/wp-content\/uploads\/2024\/06\/hospital-e1719223441620.png\" class=\"no-lazyload attachment-full\" alt=\"\" \/>                            <\/div>\r\n                <\/div>\t\t<\/div>\n\t\t\t\t<\/div>\n\t\t\t\t<div class=\"elementor-element elementor-element-c83ddcd elementor-widget elementor-widget-pxl_heading\" data-id=\"c83ddcd\" data-element_type=\"widget\" data-widget_type=\"pxl_heading.default\">\n\t\t\t\t<div class=\"elementor-widget-container\">\n\t\t\t<div class=\"pxl-heading  \">\n\t<div class=\"pxl-heading--inner \">\n\t\t\t\t<h5 class=\"pxl-item--title style1 divider-none   \" data-wow-delay=\"ms\" data-wow-duration=\"1.2s\">\n\t\t\t\n\t\t\t\t\t<\/h5>\n\t<\/div>\n<\/div>\n\t\t<\/div>\n\t\t\t\t<\/div>\n\t\t\t\t<div class=\"elementor-element elementor-element-95d0c35 elementor-widget elementor-widget-pxl_heading\" data-id=\"95d0c35\" data-element_type=\"widget\" data-widget_type=\"pxl_heading.default\">\n\t\t\t\t<div class=\"elementor-widget-container\">\n\t\t\t<div class=\"pxl-heading  \">\n\t<div class=\"pxl-heading--inner \">\n\t\t\t\t<h5 class=\"pxl-item--title style1 divider-none   \" data-wow-delay=\"ms\" data-wow-duration=\"1.2s\">\n\t\t\tMilieux hospitaliers\n\t\t\t\t\t<\/h5>\n\t<\/div>\n<\/div>\n\t\t<\/div>\n\t\t\t\t<\/div>\n\t\t\t\t<div class=\"elementor-element elementor-element-f171403 elementor-widget elementor-widget-pxl_heading\" data-id=\"f171403\" data-element_type=\"widget\" data-widget_type=\"pxl_heading.default\">\n\t\t\t\t<div class=\"elementor-widget-container\">\n\t\t\t<div class=\"pxl-heading  \">\n\t<div class=\"pxl-heading--inner \">\n\t\t\t\t<h5 class=\"pxl-item--title style1 divider-none   \" data-wow-delay=\"ms\" data-wow-duration=\"1.2s\">\n\t\t\t\n\t\t\t\t\t<\/h5>\n\t<\/div>\n<\/div>\n\t\t<\/div>\n\t\t\t\t<\/div>\n\t\t\t\t<div class=\"elementor-element elementor-element-1154306 elementor-widget-laptop__width-initial elementor-widget elementor-widget-pxl_text_editor\" data-id=\"1154306\" data-element_type=\"widget\" data-widget_type=\"pxl_text_editor.default\">\n\t\t\t\t<div class=\"elementor-widget-container\">\n\t\t\t<div class=\"pxl-text-editor \" data-wow-delay=\"ms\" data-wow-duration=\"1.2s\">\n\t<div class=\"pxl-item--inner    \">\n\t\t<p>\u25aa Centre Hospitalier<br \/>International CARTHAGENE<br \/>\u25aa Clinique Ophtalmologique<br \/>NOTRE DAME<br \/>\u25aa Clinique Ophtalmologique<br \/>ARIANA<\/p>\t<\/div>\n<\/div>\n\t\t<\/div>\n\t\t\t\t<\/div>\n\t\t            <\/div>\r\n        <\/div>\r\n                <div class=\"elementor-column elementor-col-33 elementor-top-column elementor-element elementor-element-3438bd1 pxl-column-none\" data-id=\"3438bd1\" data-element_type=\"column\">\r\n        <div class=\"elementor-widget-wrap elementor-element-populated\">\r\n                     \r\n        \t\t<div class=\"elementor-element elementor-element-d53eefa elementor-widget elementor-widget-pxl_image\" data-id=\"d53eefa\" data-element_type=\"widget\" data-widget_type=\"pxl_image.default\">\n\t\t\t\t<div class=\"elementor-widget-container\">\n\t\t\t<div class=\"pxl-image-single pxl-image-single1   \" data-wow-delay=\"ms\" data-wow-duration=\"1.2s\">\r\n                        <div class=\"pxl-item--inner\">\r\n                                    <img decoding=\"async\" width=\"100\" height=\"100\" src=\"https:\/\/omillimetre.com.tn\/wp-content\/uploads\/2024\/06\/doctor-1-e1719222388815.png\" class=\"no-lazyload attachment-full\" alt=\"\" \/>                            <\/div>\r\n                <\/div>\t\t<\/div>\n\t\t\t\t<\/div>\n\t\t\t\t<div class=\"elementor-element elementor-element-191a20e elementor-widget elementor-widget-pxl_heading\" data-id=\"191a20e\" data-element_type=\"widget\" data-widget_type=\"pxl_heading.default\">\n\t\t\t\t<div class=\"elementor-widget-container\">\n\t\t\t<div class=\"pxl-heading  \">\n\t<div class=\"pxl-heading--inner \">\n\t\t\t\t<h5 class=\"pxl-item--title style1 divider-none   \" data-wow-delay=\"ms\" data-wow-duration=\"1.2s\">\n\t\t\t\n\t\t\t\t\t<\/h5>\n\t<\/div>\n<\/div>\n\t\t<\/div>\n\t\t\t\t<\/div>\n\t\t\t\t<div class=\"elementor-element elementor-element-3c3445d elementor-widget elementor-widget-pxl_heading\" data-id=\"3c3445d\" data-element_type=\"widget\" data-widget_type=\"pxl_heading.default\">\n\t\t\t\t<div class=\"elementor-widget-container\">\n\t\t\t<div class=\"pxl-heading  \">\n\t<div class=\"pxl-heading--inner \">\n\t\t\t\t<h5 class=\"pxl-item--title style1 divider-none   \" data-wow-delay=\"ms\" data-wow-duration=\"1.2s\">\n\t\t\tCabinets de m\u00e9decins\n\n\t\t\t\t\t<\/h5>\n\t<\/div>\n<\/div>\n\t\t<\/div>\n\t\t\t\t<\/div>\n\t\t\t\t<div class=\"elementor-element elementor-element-e350818 elementor-widget elementor-widget-pxl_heading\" data-id=\"e350818\" data-element_type=\"widget\" data-widget_type=\"pxl_heading.default\">\n\t\t\t\t<div class=\"elementor-widget-container\">\n\t\t\t<div class=\"pxl-heading  \">\n\t<div class=\"pxl-heading--inner \">\n\t\t\t\t<h5 class=\"pxl-item--title style1 divider-none   \" data-wow-delay=\"ms\" data-wow-duration=\"1.2s\">\n\t\t\t\n\t\t\t\t\t<\/h5>\n\t<\/div>\n<\/div>\n\t\t<\/div>\n\t\t\t\t<\/div>\n\t\t\t\t<div class=\"elementor-element elementor-element-9a66faa elementor-widget elementor-widget-pxl_text_editor\" data-id=\"9a66faa\" data-element_type=\"widget\" data-widget_type=\"pxl_text_editor.default\">\n\t\t\t\t<div class=\"elementor-widget-container\">\n\t\t\t<div class=\"pxl-text-editor \" data-wow-delay=\"ms\" data-wow-duration=\"1.2s\">\n\t<div class=\"pxl-item--inner    \">\n\t\t<p>\u25aa Cabinet Gastrologie<br \/>\u25aa Cabinet Gyn\u00e9cologie<br \/>\u25aa Cabinet P\u00e9diatrie<\/p>\t<\/div>\n<\/div>\n\t\t<\/div>\n\t\t\t\t<\/div>\n\t\t            <\/div>\r\n        <\/div>\r\n                <div class=\"elementor-column elementor-col-33 elementor-top-column elementor-element elementor-element-96dd5f0 pxl-column-none\" data-id=\"96dd5f0\" data-element_type=\"column\">\r\n        <div class=\"elementor-widget-wrap elementor-element-populated\">\r\n                     \r\n        \t\t<div class=\"elementor-element elementor-element-f7394b3 elementor-widget elementor-widget-pxl_image\" data-id=\"f7394b3\" data-element_type=\"widget\" data-widget_type=\"pxl_image.default\">\n\t\t\t\t<div class=\"elementor-widget-container\">\n\t\t\t<div class=\"pxl-image-single pxl-image-single1   \" data-wow-delay=\"ms\" data-wow-duration=\"1.2s\">\r\n                        <div class=\"pxl-item--inner\">\r\n                                    <img decoding=\"async\" width=\"100\" height=\"100\" src=\"https:\/\/omillimetre.com.tn\/wp-content\/uploads\/2024\/06\/supplier-1-e1719222930919.png\" class=\"no-lazyload attachment-full\" alt=\"\" \/>                            <\/div>\r\n                <\/div>\t\t<\/div>\n\t\t\t\t<\/div>\n\t\t\t\t<div class=\"elementor-element elementor-element-e1fcf1d elementor-widget elementor-widget-pxl_heading\" data-id=\"e1fcf1d\" data-element_type=\"widget\" data-widget_type=\"pxl_heading.default\">\n\t\t\t\t<div class=\"elementor-widget-container\">\n\t\t\t<div class=\"pxl-heading  \">\n\t<div class=\"pxl-heading--inner \">\n\t\t\t\t<h5 class=\"pxl-item--title style1 divider-none   \" data-wow-delay=\"ms\" data-wow-duration=\"1.2s\">\n\t\t\t\n\t\t\t\t\t<\/h5>\n\t<\/div>\n<\/div>\n\t\t<\/div>\n\t\t\t\t<\/div>\n\t\t\t\t<div class=\"elementor-element elementor-element-d6225f1 elementor-widget elementor-widget-pxl_heading\" data-id=\"d6225f1\" data-element_type=\"widget\" data-widget_type=\"pxl_heading.default\">\n\t\t\t\t<div class=\"elementor-widget-container\">\n\t\t\t<div class=\"pxl-heading  \">\n\t<div class=\"pxl-heading--inner \">\n\t\t\t\t<h5 class=\"pxl-item--title style1 divider-none   \" data-wow-delay=\"ms\" data-wow-duration=\"1.2s\">\n\t\t\tIndustrie\n\t\t\t\t\t<\/h5>\n\t<\/div>\n<\/div>\n\t\t<\/div>\n\t\t\t\t<\/div>\n\t\t\t\t<div class=\"elementor-element elementor-element-8ad9bdc elementor-widget elementor-widget-pxl_heading\" data-id=\"8ad9bdc\" data-element_type=\"widget\" data-widget_type=\"pxl_heading.default\">\n\t\t\t\t<div class=\"elementor-widget-container\">\n\t\t\t<div class=\"pxl-heading  \">\n\t<div class=\"pxl-heading--inner \">\n\t\t\t\t<h5 class=\"pxl-item--title style1 divider-none   \" data-wow-delay=\"ms\" data-wow-duration=\"1.2s\">\n\t\t\t\n\t\t\t\t\t<\/h5>\n\t<\/div>\n<\/div>\n\t\t<\/div>\n\t\t\t\t<\/div>\n\t\t\t\t<div class=\"elementor-element elementor-element-88da93d elementor-widget elementor-widget-pxl_text_editor\" data-id=\"88da93d\" data-element_type=\"widget\" data-widget_type=\"pxl_text_editor.default\">\n\t\t\t\t<div class=\"elementor-widget-container\">\n\t\t\t<div class=\"pxl-text-editor \" data-wow-delay=\"ms\" data-wow-duration=\"1.2s\">\n\t<div class=\"pxl-item--inner    \">\n\t\t<p>\u25aa Laboratoire de surfa\u00e7age de verres optique KN Distribution<br \/>\u25aa Laboratoire pharmaceutique<br \/>Novartis \u2013 Tunisie<\/p>\t<\/div>\n<\/div>\n\t\t<\/div>\n\t\t\t\t<\/div>\n\t\t            <\/div>\r\n        <\/div>\r\n        \t\t\t<\/div>\n\t\t<\/section>\n\t\t        <section class=\"elementor-section elementor-top-section elementor-element elementor-element-d3c8554 elementor-section-boxed elementor-section-height-default elementor-section-height-default pxl-row-scroll-none pxl-show-grid-none pxl-section-bg-none pxl-section-grid-bg-false\" data-id=\"d3c8554\" data-element_type=\"section\">\n\n                \n                <div class=\"elementor-container elementor-column-gap-default \">\n                <div class=\"elementor-column elementor-col-33 elementor-top-column elementor-element elementor-element-0974dfe pxl-column-none\" data-id=\"0974dfe\" data-element_type=\"column\">\r\n        <div class=\"elementor-widget-wrap elementor-element-populated\">\r\n                     \r\n        \t\t<div class=\"elementor-element elementor-element-df60000 elementor-widget elementor-widget-pxl_image\" data-id=\"df60000\" data-element_type=\"widget\" data-widget_type=\"pxl_image.default\">\n\t\t\t\t<div class=\"elementor-widget-container\">\n\t\t\t<div class=\"pxl-image-single pxl-image-single1   \" data-wow-delay=\"ms\" data-wow-duration=\"1.2s\">\r\n                        <div class=\"pxl-item--inner\">\r\n                                    <img loading=\"lazy\" decoding=\"async\" width=\"100\" height=\"100\" src=\"https:\/\/omillimetre.com.tn\/wp-content\/uploads\/2024\/06\/store-1-e1719223146332.png\" class=\"no-lazyload attachment-full\" alt=\"\" \/>                            <\/div>\r\n                <\/div>\t\t<\/div>\n\t\t\t\t<\/div>\n\t\t\t\t<div class=\"elementor-element elementor-element-634b8b6 elementor-widget elementor-widget-pxl_heading\" data-id=\"634b8b6\" data-element_type=\"widget\" data-widget_type=\"pxl_heading.default\">\n\t\t\t\t<div class=\"elementor-widget-container\">\n\t\t\t<div class=\"pxl-heading  \">\n\t<div class=\"pxl-heading--inner \">\n\t\t\t\t<h5 class=\"pxl-item--title style1 divider-none   \" data-wow-delay=\"ms\" data-wow-duration=\"1.2s\">\n\t\t\t\n\t\t\t\t\t<\/h5>\n\t<\/div>\n<\/div>\n\t\t<\/div>\n\t\t\t\t<\/div>\n\t\t\t\t<div class=\"elementor-element elementor-element-1998a74 elementor-widget elementor-widget-pxl_heading\" data-id=\"1998a74\" data-element_type=\"widget\" data-widget_type=\"pxl_heading.default\">\n\t\t\t\t<div class=\"elementor-widget-container\">\n\t\t\t<div class=\"pxl-heading  \">\n\t<div class=\"pxl-heading--inner \">\n\t\t\t\t<h5 class=\"pxl-item--title style1 divider-none   \" data-wow-delay=\"ms\" data-wow-duration=\"1.2s\">\n\t\t\tCommerces\n\n\t\t\t\t\t<\/h5>\n\t<\/div>\n<\/div>\n\t\t<\/div>\n\t\t\t\t<\/div>\n\t\t\t\t<div class=\"elementor-element elementor-element-a4421bb elementor-widget elementor-widget-pxl_heading\" data-id=\"a4421bb\" data-element_type=\"widget\" data-widget_type=\"pxl_heading.default\">\n\t\t\t\t<div class=\"elementor-widget-container\">\n\t\t\t<div class=\"pxl-heading  \">\n\t<div class=\"pxl-heading--inner \">\n\t\t\t\t<h5 class=\"pxl-item--title style1 divider-none   \" data-wow-delay=\"ms\" data-wow-duration=\"1.2s\">\n\t\t\t\n\t\t\t\t\t<\/h5>\n\t<\/div>\n<\/div>\n\t\t<\/div>\n\t\t\t\t<\/div>\n\t\t\t\t<div class=\"elementor-element elementor-element-3191151 elementor-widget elementor-widget-pxl_text_editor\" data-id=\"3191151\" data-element_type=\"widget\" data-widget_type=\"pxl_text_editor.default\">\n\t\t\t\t<div class=\"elementor-widget-container\">\n\t\t\t<div class=\"pxl-text-editor \" data-wow-delay=\"ms\" data-wow-duration=\"1.2s\">\n\t<div class=\"pxl-item--inner    \">\n\t\t<p>\u25aa Salle d\u2019expositions des \u00e9quipements sanitaires<br \/>\u25aa ABID MED<br \/>\u25aa HASSAIRI PIECES AUTO<br \/>\u25aa Magasin OPTIQUE<br \/>\u25aa Air sant\u00e9<br \/>\u25aa G.E.E<\/p>\t<\/div>\n<\/div>\n\t\t<\/div>\n\t\t\t\t<\/div>\n\t\t            <\/div>\r\n        <\/div>\r\n                <div class=\"elementor-column elementor-col-33 elementor-top-column elementor-element elementor-element-06c34b2 pxl-column-none\" data-id=\"06c34b2\" data-element_type=\"column\">\r\n        <div class=\"elementor-widget-wrap elementor-element-populated\">\r\n                     \r\n        \t\t<div class=\"elementor-element elementor-element-acef313 elementor-widget elementor-widget-pxl_image\" data-id=\"acef313\" data-element_type=\"widget\" data-widget_type=\"pxl_image.default\">\n\t\t\t\t<div class=\"elementor-widget-container\">\n\t\t\t<div class=\"pxl-image-single pxl-image-single1   \" data-wow-delay=\"ms\" data-wow-duration=\"1.2s\">\r\n                        <div class=\"pxl-item--inner\">\r\n                                    <img loading=\"lazy\" decoding=\"async\" width=\"100\" height=\"100\" src=\"https:\/\/omillimetre.com.tn\/wp-content\/uploads\/2024\/06\/boutique-1-e1719223222247.png\" class=\"no-lazyload attachment-full\" alt=\"\" \/>                            <\/div>\r\n                <\/div>\t\t<\/div>\n\t\t\t\t<\/div>\n\t\t\t\t<div class=\"elementor-element elementor-element-423339d elementor-widget elementor-widget-pxl_heading\" data-id=\"423339d\" data-element_type=\"widget\" data-widget_type=\"pxl_heading.default\">\n\t\t\t\t<div class=\"elementor-widget-container\">\n\t\t\t<div class=\"pxl-heading  \">\n\t<div class=\"pxl-heading--inner \">\n\t\t\t\t<h5 class=\"pxl-item--title style1 divider-none   \" data-wow-delay=\"ms\" data-wow-duration=\"1.2s\">\n\t\t\t\n\t\t\t\t\t<\/h5>\n\t<\/div>\n<\/div>\n\t\t<\/div>\n\t\t\t\t<\/div>\n\t\t\t\t<div class=\"elementor-element elementor-element-af575c8 elementor-widget elementor-widget-pxl_heading\" data-id=\"af575c8\" data-element_type=\"widget\" data-widget_type=\"pxl_heading.default\">\n\t\t\t\t<div class=\"elementor-widget-container\">\n\t\t\t<div class=\"pxl-heading  \">\n\t<div class=\"pxl-heading--inner \">\n\t\t\t\t<h5 class=\"pxl-item--title style1 divider-none   \" data-wow-delay=\"ms\" data-wow-duration=\"1.2s\">\n\t\t\tBoutiques \u00e9ph\u00e9m\u00e8res\n\n\t\t\t\t\t<\/h5>\n\t<\/div>\n<\/div>\n\t\t<\/div>\n\t\t\t\t<\/div>\n\t\t\t\t<div class=\"elementor-element elementor-element-6df0ff0 elementor-widget elementor-widget-pxl_heading\" data-id=\"6df0ff0\" data-element_type=\"widget\" data-widget_type=\"pxl_heading.default\">\n\t\t\t\t<div class=\"elementor-widget-container\">\n\t\t\t<div class=\"pxl-heading  \">\n\t<div class=\"pxl-heading--inner \">\n\t\t\t\t<h5 class=\"pxl-item--title style1 divider-none   \" data-wow-delay=\"ms\" data-wow-duration=\"1.2s\">\n\t\t\t\n\t\t\t\t\t<\/h5>\n\t<\/div>\n<\/div>\n\t\t<\/div>\n\t\t\t\t<\/div>\n\t\t\t\t<div class=\"elementor-element elementor-element-eb22a05 elementor-widget elementor-widget-pxl_text_editor\" data-id=\"eb22a05\" data-element_type=\"widget\" data-widget_type=\"pxl_text_editor.default\">\n\t\t\t\t<div class=\"elementor-widget-container\">\n\t\t\t<div class=\"pxl-text-editor \" data-wow-delay=\"ms\" data-wow-duration=\"1.2s\">\n\t<div class=\"pxl-item--inner    \">\n\t\t<p>\u25aa Kiosque VIA VENUS<br \/>\u25aa Stand meubles LINA<\/p>\t<\/div>\n<\/div>\n\t\t<\/div>\n\t\t\t\t<\/div>\n\t\t            <\/div>\r\n        <\/div>\r\n                <div class=\"elementor-column elementor-col-33 elementor-top-column elementor-element elementor-element-969c062 pxl-column-none\" data-id=\"969c062\" data-element_type=\"column\">\r\n        <div class=\"elementor-widget-wrap elementor-element-populated\">\r\n                     \r\n        \t\t<div class=\"elementor-element elementor-element-28d7c2a elementor-widget elementor-widget-pxl_image\" data-id=\"28d7c2a\" data-element_type=\"widget\" data-widget_type=\"pxl_image.default\">\n\t\t\t\t<div class=\"elementor-widget-container\">\n\t\t\t<div class=\"pxl-image-single pxl-image-single1   \" data-wow-delay=\"ms\" data-wow-duration=\"1.2s\">\r\n                        <div class=\"pxl-item--inner\">\r\n                                    <img loading=\"lazy\" decoding=\"async\" width=\"100\" height=\"100\" src=\"https:\/\/omillimetre.com.tn\/wp-content\/uploads\/2024\/06\/address-3-e1719223203418.png\" class=\"no-lazyload attachment-full\" alt=\"\" \/>                            <\/div>\r\n                <\/div>\t\t<\/div>\n\t\t\t\t<\/div>\n\t\t\t\t<div class=\"elementor-element elementor-element-f182ca9 elementor-widget elementor-widget-pxl_heading\" data-id=\"f182ca9\" data-element_type=\"widget\" data-widget_type=\"pxl_heading.default\">\n\t\t\t\t<div class=\"elementor-widget-container\">\n\t\t\t<div class=\"pxl-heading  \">\n\t<div class=\"pxl-heading--inner \">\n\t\t\t\t<h5 class=\"pxl-item--title style1 divider-none   \" data-wow-delay=\"ms\" data-wow-duration=\"1.2s\">\n\t\t\t\n\t\t\t\t\t<\/h5>\n\t<\/div>\n<\/div>\n\t\t<\/div>\n\t\t\t\t<\/div>\n\t\t\t\t<div class=\"elementor-element elementor-element-dffe1e0 elementor-widget elementor-widget-pxl_heading\" data-id=\"dffe1e0\" data-element_type=\"widget\" data-widget_type=\"pxl_heading.default\">\n\t\t\t\t<div class=\"elementor-widget-container\">\n\t\t\t<div class=\"pxl-heading  \">\n\t<div class=\"pxl-heading--inner \">\n\t\t\t\t<h5 class=\"pxl-item--title style1 divider-none   \" data-wow-delay=\"ms\" data-wow-duration=\"1.2s\">\n\t\t\tR\u00e9sidences priv\u00e9s\n\t\t\t\t\t<\/h5>\n\t<\/div>\n<\/div>\n\t\t<\/div>\n\t\t\t\t<\/div>\n\t\t\t\t<div class=\"elementor-element elementor-element-a2370d1 elementor-widget elementor-widget-pxl_heading\" data-id=\"a2370d1\" data-element_type=\"widget\" data-widget_type=\"pxl_heading.default\">\n\t\t\t\t<div class=\"elementor-widget-container\">\n\t\t\t<div class=\"pxl-heading  \">\n\t<div class=\"pxl-heading--inner \">\n\t\t\t\t<h5 class=\"pxl-item--title style1 divider-none   \" data-wow-delay=\"ms\" data-wow-duration=\"1.2s\">\n\t\t\t\n\t\t\t\t\t<\/h5>\n\t<\/div>\n<\/div>\n\t\t<\/div>\n\t\t\t\t<\/div>\n\t\t\t\t<div class=\"elementor-element elementor-element-6d614e2 elementor-widget elementor-widget-pxl_text_editor\" data-id=\"6d614e2\" data-element_type=\"widget\" data-widget_type=\"pxl_text_editor.default\">\n\t\t\t\t<div class=\"elementor-widget-container\">\n\t\t\t<div class=\"pxl-text-editor \" data-wow-delay=\"ms\" data-wow-duration=\"1.2s\">\n\t<div class=\"pxl-item--inner    \">\n\t\t<p>\u25aa Villa de ma\u00eetre<br \/>\u25aa Villa haut standing<br \/>\u25aa Duplex<br \/>\u25aa Appartement<\/p>\t<\/div>\n<\/div>\n\t\t<\/div>\n\t\t\t\t<\/div>\n\t\t            <\/div>\r\n        <\/div>\r\n        \t\t\t<\/div>\n\t\t<\/section>\n\t\t\t\t<\/div>\n\t\t","protected":false},"excerpt":{"rendered":"<p>Milieux hospitaliers \u25aa Centre HospitalierInternational CARTHAGENE\u25aa Clinique OphtalmologiqueNOTRE DAME\u25aa Clinique OphtalmologiqueARIANA Cabinets de m\u00e9decins \u25aa Cabinet Gastrologie\u25aa Cabinet Gyn\u00e9cologie\u25aa Cabinet P\u00e9diatrie Industrie \u25aa Laboratoire de surfa\u00e7age de verres optique KN Distribution\u25aa Laboratoire pharmaceutiqueNovartis \u2013 Tunisie Commerces \u25aa Salle d\u2019expositions des \u00e9quipements sanitaires\u25aa ABID MED\u25aa HASSAIRI PIECES AUTO\u25aa Magasin OPTIQUE\u25aa Air sant\u00e9\u25aa G.E.E Boutiques \u00e9ph\u00e9m\u00e8res \u25aa [&hellip;]<\/p>\n","protected":false},"author":1,"featured_media":0,"parent":0,"menu_order":0,"comment_status":"closed","ping_status":"closed","template":"","meta":{"pagelayer_contact_templates":[],"_pagelayer_content":"","footnotes":""},"class_list":["post-10239","page","type-page","status-publish","hentry"],"_links":{"self":[{"href":"https:\/\/omillimetre.com.tn\/index.php?rest_route=\/wp\/v2\/pages\/10239","targetHints":{"allow":["GET"]}}],"collection":[{"href":"https:\/\/omillimetre.com.tn\/index.php?rest_route=\/wp\/v2\/pages"}],"about":[{"href":"https:\/\/omillimetre.com.tn\/index.php?rest_route=\/wp\/v2\/types\/page"}],"author":[{"embeddable":true,"href":"https:\/\/omillimetre.com.tn\/index.php?rest_route=\/wp\/v2\/users\/1"}],"replies":[{"embeddable":true,"href":"https:\/\/omillimetre.com.tn\/index.php?rest_route=%2Fwp%2Fv2%2Fcomments&post=10239"}],"version-history":[{"count":10,"href":"https:\/\/omillimetre.com.tn\/index.php?rest_route=\/wp\/v2\/pages\/10239\/revisions"}],"predecessor-version":[{"id":10251,"href":"https:\/\/omillimetre.com.tn\/index.php?rest_route=\/wp\/v2\/pages\/10239\/revisions\/10251"}],"wp:attachment":[{"href":"https:\/\/omillimetre.com.tn\/index.php?rest_route=%2Fwp%2Fv2%2Fmedia&parent=10239"}],"curies":[{"name":"wp","href":"https:\/\/api.w.org\/{rel}","templated":true}]}}