{"id":1481,"date":"2023-05-07T22:14:01","date_gmt":"2023-05-07T22:14:01","guid":{"rendered":"http:\/\/localhost\/mrittik\/?page_id=1481"},"modified":"2024-07-24T12:12:23","modified_gmt":"2024-07-24T12:12:23","slug":"nos-valeurs","status":"publish","type":"page","link":"https:\/\/omillimetre.com.tn\/?page_id=1481","title":{"rendered":"NOS VALEURS"},"content":{"rendered":"\t\t<div data-elementor-type=\"wp-page\" data-elementor-id=\"1481\" class=\"elementor elementor-1481\">\n\t\t\t\t        <section class=\"elementor-section elementor-top-section elementor-element elementor-element-64f7c33 elementor-section-boxed elementor-section-height-default elementor-section-height-default pxl-row-scroll-none pxl-show-grid-none pxl-section-bg-none pxl-section-grid-bg-false\" data-id=\"64f7c33\" data-element_type=\"section\">\n\n                \n                <div class=\"elementor-container elementor-column-gap-default \">\n                <div class=\"elementor-column elementor-col-20 elementor-top-column elementor-element elementor-element-1b199b8 pxl-column-none\" data-id=\"1b199b8\" data-element_type=\"column\">\r\n        <div class=\"elementor-widget-wrap elementor-element-populated\">\r\n                     \r\n        \t\t<div class=\"elementor-element elementor-element-acc9130 elementor-widget elementor-widget-pxl_logo\" data-id=\"acc9130\" data-element_type=\"widget\" data-widget_type=\"pxl_logo.default\">\n\t\t\t\t<div class=\"elementor-widget-container\">\n\t\t\t    <div class=\"pxl-logo \" data-wow-delay=\"ms\" data-wow-duration=\"1.2s\">\r\n        <a href=\"#\">                        <\/a>    <\/div>\r\n\t\t<\/div>\n\t\t\t\t<\/div>\n\t\t\t\t<div class=\"elementor-element elementor-element-b5b16fb elementor-widget elementor-widget-pxl_logo\" data-id=\"b5b16fb\" data-element_type=\"widget\" data-widget_type=\"pxl_logo.default\">\n\t\t\t\t<div class=\"elementor-widget-container\">\n\t\t\t    <div class=\"pxl-logo \" data-wow-delay=\"ms\" data-wow-duration=\"1.2s\">\r\n        <a href=\"#\">                        <\/a>    <\/div>\r\n\t\t<\/div>\n\t\t\t\t<\/div>\n\t\t\t\t<div class=\"elementor-element elementor-element-84e3c10 elementor-widget-tablet_extra__width-initial elementor-widget elementor-widget-pxl_text_editor\" data-id=\"84e3c10\" data-element_type=\"widget\" data-widget_type=\"pxl_text_editor.default\">\n\t\t\t\t<div class=\"elementor-widget-container\">\n\t\t\t<div class=\"pxl-text-editor \" data-wow-delay=\"ms\" data-wow-duration=\"1.2s\">\n\t<div class=\"pxl-item--inner    \">\n\t\t<p><strong>L\u2019innovation<\/strong><\/p><p>Des concepts novateurs<br \/>fusionnent avec le design<br \/>pour cr\u00e9er des espaces<br \/>exceptionnels et avantgardistes, r\u00e9volutionnant<br \/>l&#8217;esth\u00e9tique int\u00e9rieure.<\/p>\t<\/div>\n<\/div>\n\t\t<\/div>\n\t\t\t\t<\/div>\n\t\t\t\t<div class=\"elementor-element elementor-element-cff4fd7 elementor-widget elementor-widget-pxl_logo\" data-id=\"cff4fd7\" data-element_type=\"widget\" data-widget_type=\"pxl_logo.default\">\n\t\t\t\t<div class=\"elementor-widget-container\">\n\t\t\t    <div class=\"pxl-logo \" data-wow-delay=\"ms\" data-wow-duration=\"1.2s\">\r\n        <a href=\"#\">                        <\/a>    <\/div>\r\n\t\t<\/div>\n\t\t\t\t<\/div>\n\t\t\t\t<div class=\"elementor-element elementor-element-c969472 elementor-widget elementor-widget-pxl_text_editor\" data-id=\"c969472\" data-element_type=\"widget\" data-widget_type=\"pxl_text_editor.default\">\n\t\t\t\t<div class=\"elementor-widget-container\">\n\t\t\t<div class=\"pxl-text-editor \" data-wow-delay=\"ms\" data-wow-duration=\"1.2s\">\n\t<div class=\"pxl-item--inner    \">\n\t\t<p><strong>La cr\u00e9ativit\u00e9<\/strong><\/p><p>Chaque projet raconte une<br \/>histoire unique, r\u00e9v\u00e9lant l&#8217;art<br \/>d&#8217;harmoniser l&#8217;espace avec<br \/>innovation et \u00e9l\u00e9gance.<\/p>\t<\/div>\n<\/div>\n\t\t<\/div>\n\t\t\t\t<\/div>\n\t\t            <\/div>\r\n        <\/div>\r\n                <div class=\"elementor-column elementor-col-20 elementor-top-column elementor-element elementor-element-667ac88 pxl-column-none\" data-id=\"667ac88\" data-element_type=\"column\">\r\n        <div class=\"elementor-widget-wrap elementor-element-populated\">\r\n                     \r\n        \t\t<div class=\"elementor-element elementor-element-f9fcf17 elementor-widget elementor-widget-pxl_logo\" data-id=\"f9fcf17\" data-element_type=\"widget\" data-widget_type=\"pxl_logo.default\">\n\t\t\t\t<div class=\"elementor-widget-container\">\n\t\t\t    <div class=\"pxl-logo \" data-wow-delay=\"ms\" data-wow-duration=\"1.2s\">\r\n        <a href=\"#\">                        <\/a>    <\/div>\r\n\t\t<\/div>\n\t\t\t\t<\/div>\n\t\t\t\t<div class=\"elementor-element elementor-element-2800d96 elementor-widget elementor-widget-pxl_logo\" data-id=\"2800d96\" data-element_type=\"widget\" data-widget_type=\"pxl_logo.default\">\n\t\t\t\t<div class=\"elementor-widget-container\">\n\t\t\t    <div class=\"pxl-logo \" data-wow-delay=\"ms\" data-wow-duration=\"1.2s\">\r\n        <a href=\"#\">                        <\/a>    <\/div>\r\n\t\t<\/div>\n\t\t\t\t<\/div>\n\t\t\t\t<div class=\"elementor-element elementor-element-e6ece69 elementor-widget elementor-widget-pxl_logo\" data-id=\"e6ece69\" data-element_type=\"widget\" data-widget_type=\"pxl_logo.default\">\n\t\t\t\t<div class=\"elementor-widget-container\">\n\t\t\t    <div class=\"pxl-logo \" data-wow-delay=\"ms\" data-wow-duration=\"1.2s\">\r\n        <a href=\"#\">                        <\/a>    <\/div>\r\n\t\t<\/div>\n\t\t\t\t<\/div>\n\t\t            <\/div>\r\n        <\/div>\r\n                <div class=\"elementor-column elementor-col-20 elementor-top-column elementor-element elementor-element-4e8a6b9 pxl-column-none\" data-id=\"4e8a6b9\" data-element_type=\"column\">\r\n        <div class=\"elementor-widget-wrap elementor-element-populated\">\r\n                     \r\n        \t\t<div class=\"elementor-element elementor-element-a4f9e2d elementor-widget elementor-widget-heading\" data-id=\"a4f9e2d\" data-element_type=\"widget\" data-widget_type=\"heading.default\">\n\t\t\t\t<div class=\"elementor-widget-container\">\n\t\t\t<style>\/*! elementor - v3.22.0 - 17-06-2024 *\/\n.elementor-heading-title{padding:0;margin:0;line-height:1}.elementor-widget-heading .elementor-heading-title[class*=elementor-size-]>a{color:inherit;font-size:inherit;line-height:inherit}.elementor-widget-heading .elementor-heading-title.elementor-size-small{font-size:15px}.elementor-widget-heading .elementor-heading-title.elementor-size-medium{font-size:19px}.elementor-widget-heading .elementor-heading-title.elementor-size-large{font-size:29px}.elementor-widget-heading .elementor-heading-title.elementor-size-xl{font-size:39px}.elementor-widget-heading .elementor-heading-title.elementor-size-xxl{font-size:59px}<\/style><h5 class=\"elementor-heading-title elementor-size-default\">NOS VALEURS<\/h5>\t\t<\/div>\n\t\t\t\t<\/div>\n\t\t\t\t<div class=\"elementor-element elementor-element-1ed2c6f elementor-widget elementor-widget-pxl_logo\" data-id=\"1ed2c6f\" data-element_type=\"widget\" data-widget_type=\"pxl_logo.default\">\n\t\t\t\t<div class=\"elementor-widget-container\">\n\t\t\t    <div class=\"pxl-logo \" data-wow-delay=\"ms\" data-wow-duration=\"1.2s\">\r\n        <a href=\"#\">                        <\/a>    <\/div>\r\n\t\t<\/div>\n\t\t\t\t<\/div>\n\t\t\t\t<div class=\"elementor-element elementor-element-7ec5e95 elementor-widget elementor-widget-pxl_image\" data-id=\"7ec5e95\" data-element_type=\"widget\" data-widget_type=\"pxl_image.default\">\n\t\t\t\t<div class=\"elementor-widget-container\">\n\t\t\t<div class=\"pxl-image-single pxl-image-single1   \" data-wow-delay=\"ms\" data-wow-duration=\"1.2s\">\r\n                        <div class=\"pxl-item--inner\">\r\n                                    <img fetchpriority=\"high\" decoding=\"async\" width=\"545\" height=\"652\" src=\"https:\/\/omillimetre.com.tn\/wp-content\/uploads\/2024\/06\/1-7.png\" class=\"no-lazyload attachment-full\" alt=\"\" \/>                            <\/div>\r\n                <\/div>\t\t<\/div>\n\t\t\t\t<\/div>\n\t\t            <\/div>\r\n        <\/div>\r\n                <div class=\"elementor-column elementor-col-20 elementor-top-column elementor-element elementor-element-663c1bf pxl-column-none\" data-id=\"663c1bf\" data-element_type=\"column\">\r\n        <div class=\"elementor-widget-wrap elementor-element-populated\">\r\n                     \r\n        \t\t<div class=\"elementor-element elementor-element-6b42048 elementor-widget elementor-widget-pxl_logo\" data-id=\"6b42048\" data-element_type=\"widget\" data-widget_type=\"pxl_logo.default\">\n\t\t\t\t<div class=\"elementor-widget-container\">\n\t\t\t    <div class=\"pxl-logo \" data-wow-delay=\"ms\" data-wow-duration=\"1.2s\">\r\n        <a href=\"#\">                        <\/a>    <\/div>\r\n\t\t<\/div>\n\t\t\t\t<\/div>\n\t\t\t\t<div class=\"elementor-element elementor-element-55c42ab elementor-widget elementor-widget-pxl_logo\" data-id=\"55c42ab\" data-element_type=\"widget\" data-widget_type=\"pxl_logo.default\">\n\t\t\t\t<div class=\"elementor-widget-container\">\n\t\t\t    <div class=\"pxl-logo \" data-wow-delay=\"ms\" data-wow-duration=\"1.2s\">\r\n        <a href=\"#\">                        <\/a>    <\/div>\r\n\t\t<\/div>\n\t\t\t\t<\/div>\n\t\t\t\t<div class=\"elementor-element elementor-element-cae8d21 elementor-widget elementor-widget-pxl_logo\" data-id=\"cae8d21\" data-element_type=\"widget\" data-widget_type=\"pxl_logo.default\">\n\t\t\t\t<div class=\"elementor-widget-container\">\n\t\t\t    <div class=\"pxl-logo \" data-wow-delay=\"ms\" data-wow-duration=\"1.2s\">\r\n        <a href=\"#\">                        <\/a>    <\/div>\r\n\t\t<\/div>\n\t\t\t\t<\/div>\n\t\t            <\/div>\r\n        <\/div>\r\n                <div class=\"elementor-column elementor-col-20 elementor-top-column elementor-element elementor-element-2fc07a1 pxl-column-none\" data-id=\"2fc07a1\" data-element_type=\"column\">\r\n        <div class=\"elementor-widget-wrap elementor-element-populated\">\r\n                     \r\n        \t\t<div class=\"elementor-element elementor-element-e3b33c1 elementor-widget elementor-widget-pxl_logo\" data-id=\"e3b33c1\" data-element_type=\"widget\" data-widget_type=\"pxl_logo.default\">\n\t\t\t\t<div class=\"elementor-widget-container\">\n\t\t\t    <div class=\"pxl-logo \" data-wow-delay=\"ms\" data-wow-duration=\"1.2s\">\r\n        <a href=\"#\">                        <\/a>    <\/div>\r\n\t\t<\/div>\n\t\t\t\t<\/div>\n\t\t\t\t<div class=\"elementor-element elementor-element-9992e74 elementor-widget elementor-widget-pxl_logo\" data-id=\"9992e74\" data-element_type=\"widget\" data-widget_type=\"pxl_logo.default\">\n\t\t\t\t<div class=\"elementor-widget-container\">\n\t\t\t    <div class=\"pxl-logo \" data-wow-delay=\"ms\" data-wow-duration=\"1.2s\">\r\n        <a href=\"#\">                        <\/a>    <\/div>\r\n\t\t<\/div>\n\t\t\t\t<\/div>\n\t\t\t\t<div class=\"elementor-element elementor-element-4ff73b5 elementor-widget elementor-widget-pxl_text_editor\" data-id=\"4ff73b5\" data-element_type=\"widget\" data-widget_type=\"pxl_text_editor.default\">\n\t\t\t\t<div class=\"elementor-widget-container\">\n\t\t\t<div class=\"pxl-text-editor \" data-wow-delay=\"ms\" data-wow-duration=\"1.2s\">\n\t<div class=\"pxl-item--inner    \">\n\t\t<p><strong>L\u2019excellence<\/strong><\/p><p>Chaque projet refl\u00e8te une expertise m\u00e9ticuleuse, une gestion efficace et une excellence dans la conception, assurant satisfaction et confiance clients.<\/p>\t<\/div>\n<\/div>\n\t\t<\/div>\n\t\t\t\t<\/div>\n\t\t\t\t<div class=\"elementor-element elementor-element-8187603 elementor-widget elementor-widget-pxl_logo\" data-id=\"8187603\" data-element_type=\"widget\" data-widget_type=\"pxl_logo.default\">\n\t\t\t\t<div class=\"elementor-widget-container\">\n\t\t\t    <div class=\"pxl-logo \" data-wow-delay=\"ms\" data-wow-duration=\"1.2s\">\r\n        <a href=\"#\">                        <\/a>    <\/div>\r\n\t\t<\/div>\n\t\t\t\t<\/div>\n\t\t\t\t<div class=\"elementor-element elementor-element-0d4cf08 elementor-widget elementor-widget-pxl_text_editor\" data-id=\"0d4cf08\" data-element_type=\"widget\" data-widget_type=\"pxl_text_editor.default\">\n\t\t\t\t<div class=\"elementor-widget-container\">\n\t\t\t<div class=\"pxl-text-editor \" data-wow-delay=\"ms\" data-wow-duration=\"1.2s\">\n\t<div class=\"pxl-item--inner    \">\n\t\t<p><strong>Le tout Omillim\u00e8tre<\/strong><\/p><p>En embrassant une carri\u00e8re internationale, je m&#8217;engage \u00e0 continuer d&#8217;apprendre, de grandir et de contribuer au dialogue mondial de l&#8217;architecture d&#8217;int\u00e9rieur. Les d\u00e9fis passionnants qui d\u00e9coulent de projets internationaux me motivent \u00e0 repousser mes propres limites, \u00e0 int\u00e9grer des perspectives nouvelles et \u00e0 cr\u00e9er des designs qui transcendent les fronti\u00e8res g\u00e9ographiques.<\/p>\t<\/div>\n<\/div>\n\t\t<\/div>\n\t\t\t\t<\/div>\n\t\t            <\/div>\r\n        <\/div>\r\n        \t\t\t<\/div>\n\t\t<\/section>\n\t\t        <section class=\"elementor-section elementor-top-section elementor-element elementor-element-b373994 elementor-section-boxed elementor-section-height-default elementor-section-height-default pxl-row-scroll-none pxl-show-grid-none pxl-section-bg-none pxl-section-grid-bg-false\" data-id=\"b373994\" data-element_type=\"section\">\n\n                \n                <div class=\"elementor-container elementor-column-gap-default \">\n                <div class=\"elementor-column elementor-col-100 elementor-top-column elementor-element elementor-element-9e5b6e4 pxl-column-none\" data-id=\"9e5b6e4\" data-element_type=\"column\">\r\n        <div class=\"elementor-widget-wrap\">\r\n                     \r\n                    <\/div>\r\n        <\/div>\r\n        \t\t\t<\/div>\n\t\t<\/section>\n\t\t        <section class=\"elementor-section elementor-top-section elementor-element elementor-element-c251f4a elementor-section-boxed elementor-section-height-default elementor-section-height-default pxl-row-scroll-none pxl-show-grid-none pxl-section-bg-none pxl-section-grid-bg-false\" data-id=\"c251f4a\" data-element_type=\"section\">\n\n                \n                <div class=\"elementor-container elementor-column-gap-default \">\n                <div class=\"elementor-column elementor-col-100 elementor-top-column elementor-element elementor-element-9f34e29 pxl-column-none\" data-id=\"9f34e29\" data-element_type=\"column\">\r\n        <div class=\"elementor-widget-wrap\">\r\n                     \r\n                    <\/div>\r\n        <\/div>\r\n        \t\t\t<\/div>\n\t\t<\/section>\n\t\t        <section class=\"elementor-section elementor-top-section elementor-element elementor-element-953a083 elementor-section-boxed elementor-section-height-default elementor-section-height-default pxl-row-scroll-none pxl-show-grid-none pxl-section-bg-none pxl-section-grid-bg-false\" data-id=\"953a083\" data-element_type=\"section\">\n\n                \n                <div class=\"elementor-container elementor-column-gap-default \">\n                <div class=\"elementor-column elementor-col-100 elementor-top-column elementor-element elementor-element-8b8ce81 pxl-column-none\" data-id=\"8b8ce81\" data-element_type=\"column\">\r\n        <div class=\"elementor-widget-wrap\">\r\n                     \r\n                    <\/div>\r\n        <\/div>\r\n        \t\t\t<\/div>\n\t\t<\/section>\n\t\t        <section class=\"elementor-section elementor-top-section elementor-element elementor-element-b503810 elementor-section-boxed elementor-section-height-default elementor-section-height-default pxl-row-scroll-none pxl-show-grid-none pxl-section-bg-none pxl-section-grid-bg-false\" data-id=\"b503810\" data-element_type=\"section\">\n\n                \n                <div class=\"elementor-container elementor-column-gap-default \">\n                <div class=\"elementor-column elementor-col-100 elementor-top-column elementor-element elementor-element-135a70d pxl-column-none\" data-id=\"135a70d\" data-element_type=\"column\">\r\n        <div class=\"elementor-widget-wrap\">\r\n                     \r\n                    <\/div>\r\n        <\/div>\r\n        \t\t\t<\/div>\n\t\t<\/section>\n\t\t        <section class=\"elementor-section elementor-top-section elementor-element elementor-element-3ef4643 elementor-section-boxed elementor-section-height-default elementor-section-height-default pxl-row-scroll-none pxl-show-grid-none pxl-section-bg-none pxl-section-grid-bg-false\" data-id=\"3ef4643\" data-element_type=\"section\">\n\n                \n                <div class=\"elementor-container elementor-column-gap-default \">\n                <div class=\"elementor-column elementor-col-100 elementor-top-column elementor-element elementor-element-ff92462 pxl-column-none\" data-id=\"ff92462\" data-element_type=\"column\">\r\n        <div class=\"elementor-widget-wrap\">\r\n                     \r\n                    <\/div>\r\n        <\/div>\r\n        \t\t\t<\/div>\n\t\t<\/section>\n\t\t\t\t<\/div>\n\t\t","protected":false},"excerpt":{"rendered":"<p>L\u2019innovation Des concepts novateursfusionnent avec le designpour cr\u00e9er des espacesexceptionnels et avantgardistes, r\u00e9volutionnantl&#8217;esth\u00e9tique int\u00e9rieure. La cr\u00e9ativit\u00e9 Chaque projet raconte unehistoire unique, r\u00e9v\u00e9lant l&#8217;artd&#8217;harmoniser l&#8217;espace avecinnovation et \u00e9l\u00e9gance. NOS VALEURS L\u2019excellence Chaque projet refl\u00e8te une expertise m\u00e9ticuleuse, une gestion efficace et une excellence dans la conception, assurant satisfaction et confiance clients. Le tout Omillim\u00e8tre En embrassant [&hellip;]<\/p>\n","protected":false},"author":1,"featured_media":0,"parent":0,"menu_order":0,"comment_status":"closed","ping_status":"closed","template":"","meta":{"pagelayer_contact_templates":[],"_pagelayer_content":"","footnotes":""},"class_list":["post-1481","page","type-page","status-publish","hentry"],"_links":{"self":[{"href":"https:\/\/omillimetre.com.tn\/index.php?rest_route=\/wp\/v2\/pages\/1481","targetHints":{"allow":["GET"]}}],"collection":[{"href":"https:\/\/omillimetre.com.tn\/index.php?rest_route=\/wp\/v2\/pages"}],"about":[{"href":"https:\/\/omillimetre.com.tn\/index.php?rest_route=\/wp\/v2\/types\/page"}],"author":[{"embeddable":true,"href":"https:\/\/omillimetre.com.tn\/index.php?rest_route=\/wp\/v2\/users\/1"}],"replies":[{"embeddable":true,"href":"https:\/\/omillimetre.com.tn\/index.php?rest_route=%2Fwp%2Fv2%2Fcomments&post=1481"}],"version-history":[{"count":4,"href":"https:\/\/omillimetre.com.tn\/index.php?rest_route=\/wp\/v2\/pages\/1481\/revisions"}],"predecessor-version":[{"id":9840,"href":"https:\/\/omillimetre.com.tn\/index.php?rest_route=\/wp\/v2\/pages\/1481\/revisions\/9840"}],"wp:attachment":[{"href":"https:\/\/omillimetre.com.tn\/index.php?rest_route=%2Fwp%2Fv2%2Fmedia&parent=1481"}],"curies":[{"name":"wp","href":"https:\/\/api.w.org\/{rel}","templated":true}]}}